{"id":1021,"date":"2011-10-13T15:13:15","date_gmt":"2011-10-13T14:13:15","guid":{"rendered":"http:\/\/www.metaconsulting.net\/?page_id=1021"},"modified":"2011-10-13T15:13:15","modified_gmt":"2011-10-13T14:13:15","slug":"seminar-bekannt-werden-und-bleiben-im-internet","status":"publish","type":"page","link":"https:\/\/sternsberger.at\/metaconsulting\/trainings-und-seminare\/seminar-online-marketing\/seminar-bekannt-werden-und-bleiben-im-internet\/","title":{"rendered":"Bekannt werden und bleiben im Internet"},"content":{"rendered":"<p>In diesem Seminar werden im Detail die Grundlagen des Online-Marketing f\u00fcr Unternehmen vermittelt. Spezielle Vorkenntnisse sind dabei nicht erforderlich. Fachbegriffe werden einfach nachvollziehbar, f\u00fcr jeden verst\u00e4ndlich erkl\u00e4rt.<\/p>\n<h2>Inhalte<\/h2>\n<ul>\n<li>Marktlage, Internetnutzung, Zielgruppen<\/li>\n<li>Voraussetzungen &#8211; Was ist an einer Website (Homepage) wichtig?<\/li>\n<ul>\n<li>Ziele definieren und Erfolgskontrolle<\/li>\n<li>Integration in Unternehmens- und Marketingstrategie<\/li>\n<li>Ansprechend gestalten, Emotionen wecken<\/li>\n<li>Gute Bedienbarkeit<\/li>\n<li>Aktualit\u00e4t &#8211; Website up-to-date halten<\/li>\n<li>Nutzen bieten<\/li>\n<li>Interaktion und Erlebnis f\u00fcr die Besucher<\/li>\n<li>eCommerce und eServices nutzen<\/li>\n<li>Suchmaschinenoptimierung (SEO) und Online-Marketing<\/li>\n<li>Social Media integrieren (Facebook, Google+, Xing, LinkedIn, YouTube, &#8230;)<\/li>\n<\/ul>\n<li>\u00dcbung: Analyse einer Website<\/li>\n<li>Online Marketing<\/li>\n<ul>\n<li>Suchmaschinenmanagement (SEO), Suchmaschinenmarketing (SEA), Google Adwords<\/li>\n<li>Banner (eAdvertising)<\/li>\n<li>Presseplattformen, Online PR<\/li>\n<li>Newsletter (Permission Marketing)<\/li>\n<li>Gewinnspiele<\/li>\n<li>Viral Marketing (Buzz Marketing)<\/li>\n<\/ul>\n<li>Social Media<\/li>\n<ul>\n<li>Reputation Management<\/li>\n<li>Kan\u00e4le und Plattformen<\/li>\n<li>Nutzung<\/li>\n<li>Blogs, Expertenforum<\/li>\n<li>Community-Marketing<\/li>\n<li>Kontaktplattformen (Xing, LinkedIn, Facebook, Yasni, ecademy, &#8230;)<\/li>\n<li>Vorgangsweise, Ablauf und Strategie<\/li>\n<\/ul>\n<\/ul>\n<p>Dauer: 1 Tag<\/p>\n<p>Teilnehmer: 6 &#8211; 18<\/p>\n<p>Bitte sprechen Sie mit Herrn Martin Sternsberger  (+43 699 13009420, <a href=\"mailto:martin.sternsberger@metaconsulting.net\">martin.sternsberger@metaconsulting.net<\/a>).<\/p>\n","protected":false},"excerpt":{"rendered":"<p>In diesem Seminar werden im Detail die Grundlagen des Online-Marketing f\u00fcr Unternehmen vermittelt. Spezielle Vorkenntnisse sind dabei nicht erforderlich. Fachbegriffe werden einfach nachvollziehbar, f\u00fcr jeden verst\u00e4ndlich [&hellip;]<\/p>\n","protected":false},"author":1,"featured_media":0,"parent":459,"menu_order":10,"comment_status":"open","ping_status":"closed","template":"page-about.php","meta":{"footnotes":""},"_links":{"self":[{"href":"https:\/\/sternsberger.at\/metaconsulting\/wp-json\/wp\/v2\/pages\/1021"}],"collection":[{"href":"https:\/\/sternsberger.at\/metaconsulting\/wp-json\/wp\/v2\/pages"}],"about":[{"href":"https:\/\/sternsberger.at\/metaconsulting\/wp-json\/wp\/v2\/types\/page"}],"author":[{"embeddable":true,"href":"https:\/\/sternsberger.at\/metaconsulting\/wp-json\/wp\/v2\/users\/1"}],"replies":[{"embeddable":true,"href":"https:\/\/sternsberger.at\/metaconsulting\/wp-json\/wp\/v2\/comments?post=1021"}],"version-history":[{"count":0,"href":"https:\/\/sternsberger.at\/metaconsulting\/wp-json\/wp\/v2\/pages\/1021\/revisions"}],"up":[{"embeddable":true,"href":"https:\/\/sternsberger.at\/metaconsulting\/wp-json\/wp\/v2\/pages\/459"}],"wp:attachment":[{"href":"https:\/\/sternsberger.at\/metaconsulting\/wp-json\/wp\/v2\/media?parent=1021"}],"curies":[{"name":"wp","href":"https:\/\/api.w.org\/{rel}","templated":true}]}}